{"id":2374,"date":"2025-08-14T15:12:49","date_gmt":"2025-08-14T07:12:49","guid":{"rendered":"https:\/\/www.yuyu-machinery.com\/product\/maquina-abocardadora-automatica-ds250\/"},"modified":"2026-04-23T15:51:19","modified_gmt":"2026-04-23T07:51:19","slug":"maquina-abocardadora-automatica-ds250","status":"publish","type":"product","link":"https:\/\/www.yuyu-machinery.com\/es\/maquina-abocardadora-automatica-ds250\/","title":{"rendered":"M\u00e1quina abocardadora autom\u00e1tica DS250"},"content":{"rendered":"<h2>Especificaciones t\u00e9cnicas principales<\/h2>\n<table>\n<tbody>\n<tr>\n<td>Modelo<\/td>\n<td>DS250<\/td>\n<\/tr>\n<tr>\n<td>Di\u00e1metro<\/td>\n<td>\u03c650-\u03c6250 mm<\/td>\n<\/tr>\n<tr>\n<td>Longitud del tubo<\/td>\n<td>3 m-6 m<\/td>\n<\/tr>\n<tr>\n<td>Presi\u00f3n hidr\u00e1ulica<\/td>\n<td>6,3 MPa<\/td>\n<\/tr>\n<tr>\n<td>Presi\u00f3n del aire comprimido<\/td>\n<td>0,6 MPa<\/td>\n<\/tr>\n<tr>\n<td>Presi\u00f3n del agua<\/td>\n<td>0,4 MPa<\/td>\n<\/tr>\n<tr>\n<td>Potencia total (kW)<\/td>\n<td>15<\/td>\n<\/tr>\n<tr>\n<td>Peso total (kg)<\/td>\n<td>3000<\/td>\n<\/tr>\n<tr>\n<td>Dimensiones totales (L \u00d7 An \u00d7 Al, mm)<\/td>\n<td>7500 \u00d7 1660 \u00d7 1950<\/td>\n<\/tr>\n<tr>\n<td>Velocidad de producci\u00f3n<\/td>\n<td>50 s-600 s<\/td>\n<\/tr>\n<tr>\n<td>Modo de calentamiento<\/td>\n<td>Tubo de calentamiento de acero inoxidable para horno<\/td>\n<\/tr>\n<tr>\n<td>Modo de moldeo<\/td>\n<td>Con c\u00e1mara de presi\u00f3n externa (o bomba de vac\u00edo) y moldes plegables<\/td>\n<\/tr>\n<tr>\n<td>Modo de refrigeraci\u00f3n<\/td>\n<td>Refrigeraci\u00f3n por agua<\/td>\n<\/tr>\n<tr>\n<td>Moldes de embellecimiento tipo R<\/td>\n<td>3CR13 y 40Cr para piezas plegables; el resto de materiales son de acero 45# con recubrimiento electroqu\u00edmico de cromo<\/td>\n<\/tr>\n<\/tbody>\n<\/table>\n","protected":false},"excerpt":{"rendered":"<ul>\n<li data-start=\"2\" data-end=\"89\">Apto para tubos de \u03c650\u2013\u03c6250 mm y 3\u20136 m de longitud, con perfiles en R y en U.<\/li>\n<li data-start=\"92\" data-end=\"190\">Permite el moldeado por presi\u00f3n externa o al vac\u00edo con moldes plegables para dar forma precisa a los encajes.<\/li>\n<li data-start=\"193\" data-end=\"294\">La resistente estructura de acero 3CR13, 40Cr y 45# garantiza un rendimiento fiable y una larga vida \u00fatil.<\/li>\n<\/ul>\n","protected":false},"featured_media":2371,"template":"","meta":{"site-sidebar-layout":"default","site-content-layout":"","ast-site-content-layout":"default","site-content-style":"default","site-sidebar-style":"default","ast-global-header-display":"","ast-banner-title-visibility":"","ast-main-header-display":"","ast-hfb-above-header-display":"","ast-hfb-below-header-display":"","ast-hfb-mobile-header-display":"","site-post-title":"","ast-breadcrumbs-content":"","ast-featured-img":"","footer-sml-layout":"","theme-transparent-header-meta":"default","adv-header-id-meta":"","stick-header-meta":"","header-above-stick-meta":"","header-main-stick-meta":"","header-below-stick-meta":"","astra-migrate-meta-layouts":"set","ast-page-background-enabled":"default","ast-page-background-meta":{"desktop":{"background-color":"var(--ast-global-color-5)","background-image":"","background-repeat":"repeat","background-position":"center center","background-size":"auto","background-attachment":"scroll","background-type":"","background-media":"","overlay-type":"","overlay-color":"","overlay-opacity":"","overlay-gradient":""},"tablet":{"background-color":"","background-image":"","background-repeat":"repeat","background-position":"center center","background-size":"auto","background-attachment":"scroll","background-type":"","background-media":"","overlay-type":"","overlay-color":"","overlay-opacity":"","overlay-gradient":""},"mobile":{"background-color":"","background-image":"","background-repeat":"repeat","background-position":"center center","background-size":"auto","background-attachment":"scroll","background-type":"","background-media":"","overlay-type":"","overlay-color":"","overlay-opacity":"","overlay-gradient":""}},"ast-content-background-meta":{"desktop":{"background-color":"var(--ast-global-color-4)","background-image":"","background-repeat":"repeat","background-position":"center center","background-size":"auto","background-attachment":"scroll","background-type":"","background-media":"","overlay-type":"","overlay-color":"","overlay-opacity":"","overlay-gradient":""},"tablet":{"background-color":"var(--ast-global-color-4)","background-image":"","background-repeat":"repeat","background-position":"center center","background-size":"auto","background-attachment":"scroll","background-type":"","background-media":"","overlay-type":"","overlay-color":"","overlay-opacity":"","overlay-gradient":""},"mobile":{"background-color":"var(--ast-global-color-4)","background-image":"","background-repeat":"repeat","background-position":"center center","background-size":"auto","background-attachment":"scroll","background-type":"","background-media":"","overlay-type":"","overlay-color":"","overlay-opacity":"","overlay-gradient":""}}},"product_brand":[],"product_cat":[61],"product_tag":[],"class_list":{"0":"post-2374","1":"product","2":"type-product","3":"status-publish","4":"has-post-thumbnail","6":"product_cat-maquina-abocardadora","7":"desktop-align-left","8":"tablet-align-left","9":"mobile-align-left","11":"first","12":"instock","13":"shipping-taxable","14":"product-type-simple"},"_links":{"self":[{"href":"https:\/\/www.yuyu-machinery.com\/es\/wp-json\/wp\/v2\/product\/2374","targetHints":{"allow":["GET"]}}],"collection":[{"href":"https:\/\/www.yuyu-machinery.com\/es\/wp-json\/wp\/v2\/product"}],"about":[{"href":"https:\/\/www.yuyu-machinery.com\/es\/wp-json\/wp\/v2\/types\/product"}],"wp:featuredmedia":[{"embeddable":true,"href":"https:\/\/www.yuyu-machinery.com\/es\/wp-json\/wp\/v2\/media\/2371"}],"wp:attachment":[{"href":"https:\/\/www.yuyu-machinery.com\/es\/wp-json\/wp\/v2\/media?parent=2374"}],"wp:term":[{"taxonomy":"product_brand","embeddable":true,"href":"https:\/\/www.yuyu-machinery.com\/es\/wp-json\/wp\/v2\/product_brand?post=2374"},{"taxonomy":"product_cat","embeddable":true,"href":"https:\/\/www.yuyu-machinery.com\/es\/wp-json\/wp\/v2\/product_cat?post=2374"},{"taxonomy":"product_tag","embeddable":true,"href":"https:\/\/www.yuyu-machinery.com\/es\/wp-json\/wp\/v2\/product_tag?post=2374"}],"curies":[{"name":"wp","href":"https:\/\/api.w.org\/{rel}","templated":true}]}}