{"id":2368,"date":"2025-08-14T15:46:03","date_gmt":"2025-08-14T07:46:03","guid":{"rendered":"https:\/\/www.yuyu-machinery.com\/product\/maquina-abocardadora-rieber-rbm160-ni-de-estandar-europeo\/"},"modified":"2026-04-23T15:30:15","modified_gmt":"2026-04-23T07:30:15","slug":"maquina-abocardadora-rieber-rbm160-ni-de-estandar-europeo","status":"publish","type":"product","link":"https:\/\/www.yuyu-machinery.com\/es\/maquina-abocardadora-rieber-rbm160-ni-de-estandar-europeo\/","title":{"rendered":"M\u00e1quina abocardadora Rieber RBM160-NI de est\u00e1ndar europeo"},"content":{"rendered":"<h2>Especificaciones t\u00e9cnicas principales<\/h2>\n<table>\n<tbody>\n<tr>\n<td>Modelo<\/td>\n<td>RBM160-NI<\/td>\n<\/tr>\n<tr>\n<td>Di\u00e1metro<\/td>\n<td>\u03c650-\u03c6160 mm<\/td>\n<\/tr>\n<tr>\n<td>Longitud de la tuber\u00eda<\/td>\n<td>4m-6m<\/td>\n<\/tr>\n<tr>\n<td>Potencia total (kW)<\/td>\n<td>20<\/td>\n<\/tr>\n<tr>\n<td>Velocidad de producci\u00f3n<\/td>\n<td>150 s-500 s<\/td>\n<\/tr>\n<tr>\n<td>Modo de calentamiento<\/td>\n<td>tubo de calentamiento de acero inoxidable para horno<\/td>\n<\/tr>\n<tr>\n<td>Modo de moldeado<\/td>\n<td>Con bomba de vac\u00edo<\/td>\n<\/tr>\n<tr>\n<td>Modo de refrigeraci\u00f3n<\/td>\n<td>Refrigeraci\u00f3n por agua<\/td>\n<\/tr>\n<\/tbody>\n<\/table>\n","protected":false},"excerpt":{"rendered":"<ul>\n<li data-start=\"2\" data-end=\"77\">Admite tubos con di\u00e1metros de entre 50 mm y 160 mm y longitudes de entre 4 m y 6 m.<\/li>\n<li data-start=\"80\" data-end=\"174\">Utiliza un horno con tubos calefactores de acero inoxidable, moldeado al vac\u00edo y un sistema de refrigeraci\u00f3n por agua.<\/li>\n<li data-start=\"177\" data-end=\"251\">Funciona a una velocidad de producci\u00f3n de entre 150 y 500 segundos, con una potencia total de 20 kW.<\/li>\n<\/ul>\n","protected":false},"featured_media":2367,"template":"","meta":{"site-sidebar-layout":"default","site-content-layout":"","ast-site-content-layout":"default","site-content-style":"default","site-sidebar-style":"default","ast-global-header-display":"","ast-banner-title-visibility":"","ast-main-header-display":"","ast-hfb-above-header-display":"","ast-hfb-below-header-display":"","ast-hfb-mobile-header-display":"","site-post-title":"","ast-breadcrumbs-content":"","ast-featured-img":"","footer-sml-layout":"","theme-transparent-header-meta":"default","adv-header-id-meta":"","stick-header-meta":"","header-above-stick-meta":"","header-main-stick-meta":"","header-below-stick-meta":"","astra-migrate-meta-layouts":"set","ast-page-background-enabled":"default","ast-page-background-meta":{"desktop":{"background-color":"var(--ast-global-color-5)","background-image":"","background-repeat":"repeat","background-position":"center center","background-size":"auto","background-attachment":"scroll","background-type":"","background-media":"","overlay-type":"","overlay-color":"","overlay-opacity":"","overlay-gradient":""},"tablet":{"background-color":"","background-image":"","background-repeat":"repeat","background-position":"center center","background-size":"auto","background-attachment":"scroll","background-type":"","background-media":"","overlay-type":"","overlay-color":"","overlay-opacity":"","overlay-gradient":""},"mobile":{"background-color":"","background-image":"","background-repeat":"repeat","background-position":"center center","background-size":"auto","background-attachment":"scroll","background-type":"","background-media":"","overlay-type":"","overlay-color":"","overlay-opacity":"","overlay-gradient":""}},"ast-content-background-meta":{"desktop":{"background-color":"var(--ast-global-color-4)","background-image":"","background-repeat":"repeat","background-position":"center center","background-size":"auto","background-attachment":"scroll","background-type":"","background-media":"","overlay-type":"","overlay-color":"","overlay-opacity":"","overlay-gradient":""},"tablet":{"background-color":"var(--ast-global-color-4)","background-image":"","background-repeat":"repeat","background-position":"center center","background-size":"auto","background-attachment":"scroll","background-type":"","background-media":"","overlay-type":"","overlay-color":"","overlay-opacity":"","overlay-gradient":""},"mobile":{"background-color":"var(--ast-global-color-4)","background-image":"","background-repeat":"repeat","background-position":"center center","background-size":"auto","background-attachment":"scroll","background-type":"","background-media":"","overlay-type":"","overlay-color":"","overlay-opacity":"","overlay-gradient":""}}},"product_brand":[],"product_cat":[61],"product_tag":[],"class_list":{"0":"post-2368","1":"product","2":"type-product","3":"status-publish","4":"has-post-thumbnail","6":"product_cat-maquina-abocardadora","7":"desktop-align-left","8":"tablet-align-left","9":"mobile-align-left","11":"first","12":"instock","13":"shipping-taxable","14":"product-type-simple"},"_links":{"self":[{"href":"https:\/\/www.yuyu-machinery.com\/es\/wp-json\/wp\/v2\/product\/2368","targetHints":{"allow":["GET"]}}],"collection":[{"href":"https:\/\/www.yuyu-machinery.com\/es\/wp-json\/wp\/v2\/product"}],"about":[{"href":"https:\/\/www.yuyu-machinery.com\/es\/wp-json\/wp\/v2\/types\/product"}],"wp:featuredmedia":[{"embeddable":true,"href":"https:\/\/www.yuyu-machinery.com\/es\/wp-json\/wp\/v2\/media\/2367"}],"wp:attachment":[{"href":"https:\/\/www.yuyu-machinery.com\/es\/wp-json\/wp\/v2\/media?parent=2368"}],"wp:term":[{"taxonomy":"product_brand","embeddable":true,"href":"https:\/\/www.yuyu-machinery.com\/es\/wp-json\/wp\/v2\/product_brand?post=2368"},{"taxonomy":"product_cat","embeddable":true,"href":"https:\/\/www.yuyu-machinery.com\/es\/wp-json\/wp\/v2\/product_cat?post=2368"},{"taxonomy":"product_tag","embeddable":true,"href":"https:\/\/www.yuyu-machinery.com\/es\/wp-json\/wp\/v2\/product_tag?post=2368"}],"curies":[{"name":"wp","href":"https:\/\/api.w.org\/{rel}","templated":true}]}}