{"id":2366,"date":"2025-08-14T16:02:19","date_gmt":"2025-08-14T08:02:19","guid":{"rendered":"https:\/\/www.yuyu-machinery.com\/product\/maquina-abocardadora-automatica-de-doble-tubo-ds63s-ni\/"},"modified":"2026-04-23T15:26:33","modified_gmt":"2026-04-23T07:26:33","slug":"maquina-abocardadora-automatica-de-doble-tubo-ds63s-ni","status":"publish","type":"product","link":"https:\/\/www.yuyu-machinery.com\/es\/maquina-abocardadora-automatica-de-doble-tubo-ds63s-ni\/","title":{"rendered":"M\u00e1quina abocardadora autom\u00e1tica de doble tubo DS63S-NI"},"content":{"rendered":"<h2>Especificaciones t\u00e9cnicas principales<\/h2>\n<table>\n<tbody>\n<tr>\n<td>Modelo<\/td>\n<td>DS63S-NI<\/td>\n<\/tr>\n<tr>\n<td>Di\u00e1metro<\/td>\n<td>\u03c616-\u03c663 mm<\/td>\n<\/tr>\n<tr>\n<td>Cantidad<\/td>\n<td>\u03c616-\u03c632 mm: cuatro tubos por ciclo \/ \u03c640 mm<br \/>\ntres tubos por ciclo<br \/>\n\u03c650-63 mm: dos tubos por ciclo<\/td>\n<\/tr>\n<tr>\n<td>Longitud del tubo<\/td>\n<td>3 m-6 m<\/td>\n<\/tr>\n<tr>\n<td>Potencia total (kW)<\/td>\n<td>8,4<\/td>\n<\/tr>\n<tr>\n<td>Velocidad de producci\u00f3n<\/td>\n<td>20 \u00d7 2,0 mm: 960 uds.\/h; 40 \u00d7 2,0 mm<br \/>\n720 uds.\/ h 63 \u00d7 2,0 mm 480 uds.\/h<\/td>\n<\/tr>\n<tr>\n<td>Modo de calefacci\u00f3n<\/td>\n<td>Calefacci\u00f3n por infrarrojos, calefacci\u00f3n por contacto mediante bloque de aluminio<\/td>\n<\/tr>\n<tr>\n<td>Modo de refrigeraci\u00f3n<\/td>\n<td>Refrigeraci\u00f3n por agua o por aire<\/td>\n<\/tr>\n<\/tbody>\n<\/table>\n","protected":false},"excerpt":{"rendered":"<ul>\n<li data-start=\"102\" data-end=\"176\">Admite tubos de \u03c616 a \u03c663 mm con ciclos para m\u00faltiples tubos, lo que garantiza una producci\u00f3n eficiente.<\/li>\n<li data-start=\"179\" data-end=\"254\">Calefacci\u00f3n por infrarrojos y por contacto con aluminio, con opciones de refrigeraci\u00f3n por agua o por aire.<\/li>\n<li data-start=\"257\" data-end=\"316\">Produce hasta 960 unidades por hora con una potencia total de 8,4 kW.<\/li>\n<\/ul>\n","protected":false},"featured_media":2364,"template":"","meta":{"site-sidebar-layout":"default","site-content-layout":"","ast-site-content-layout":"default","site-content-style":"default","site-sidebar-style":"default","ast-global-header-display":"","ast-banner-title-visibility":"","ast-main-header-display":"","ast-hfb-above-header-display":"","ast-hfb-below-header-display":"","ast-hfb-mobile-header-display":"","site-post-title":"","ast-breadcrumbs-content":"","ast-featured-img":"","footer-sml-layout":"","theme-transparent-header-meta":"default","adv-header-id-meta":"","stick-header-meta":"","header-above-stick-meta":"","header-main-stick-meta":"","header-below-stick-meta":"","astra-migrate-meta-layouts":"set","ast-page-background-enabled":"default","ast-page-background-meta":{"desktop":{"background-color":"var(--ast-global-color-5)","background-image":"","background-repeat":"repeat","background-position":"center center","background-size":"auto","background-attachment":"scroll","background-type":"","background-media":"","overlay-type":"","overlay-color":"","overlay-opacity":"","overlay-gradient":""},"tablet":{"background-color":"","background-image":"","background-repeat":"repeat","background-position":"center center","background-size":"auto","background-attachment":"scroll","background-type":"","background-media":"","overlay-type":"","overlay-color":"","overlay-opacity":"","overlay-gradient":""},"mobile":{"background-color":"","background-image":"","background-repeat":"repeat","background-position":"center center","background-size":"auto","background-attachment":"scroll","background-type":"","background-media":"","overlay-type":"","overlay-color":"","overlay-opacity":"","overlay-gradient":""}},"ast-content-background-meta":{"desktop":{"background-color":"var(--ast-global-color-4)","background-image":"","background-repeat":"repeat","background-position":"center center","background-size":"auto","background-attachment":"scroll","background-type":"","background-media":"","overlay-type":"","overlay-color":"","overlay-opacity":"","overlay-gradient":""},"tablet":{"background-color":"var(--ast-global-color-4)","background-image":"","background-repeat":"repeat","background-position":"center center","background-size":"auto","background-attachment":"scroll","background-type":"","background-media":"","overlay-type":"","overlay-color":"","overlay-opacity":"","overlay-gradient":""},"mobile":{"background-color":"var(--ast-global-color-4)","background-image":"","background-repeat":"repeat","background-position":"center center","background-size":"auto","background-attachment":"scroll","background-type":"","background-media":"","overlay-type":"","overlay-color":"","overlay-opacity":"","overlay-gradient":""}}},"product_brand":[],"product_cat":[61],"product_tag":[],"class_list":{"0":"post-2366","1":"product","2":"type-product","3":"status-publish","4":"has-post-thumbnail","6":"product_cat-maquina-abocardadora","7":"desktop-align-left","8":"tablet-align-left","9":"mobile-align-left","11":"first","12":"instock","13":"shipping-taxable","14":"product-type-simple"},"_links":{"self":[{"href":"https:\/\/www.yuyu-machinery.com\/es\/wp-json\/wp\/v2\/product\/2366","targetHints":{"allow":["GET"]}}],"collection":[{"href":"https:\/\/www.yuyu-machinery.com\/es\/wp-json\/wp\/v2\/product"}],"about":[{"href":"https:\/\/www.yuyu-machinery.com\/es\/wp-json\/wp\/v2\/types\/product"}],"wp:featuredmedia":[{"embeddable":true,"href":"https:\/\/www.yuyu-machinery.com\/es\/wp-json\/wp\/v2\/media\/2364"}],"wp:attachment":[{"href":"https:\/\/www.yuyu-machinery.com\/es\/wp-json\/wp\/v2\/media?parent=2366"}],"wp:term":[{"taxonomy":"product_brand","embeddable":true,"href":"https:\/\/www.yuyu-machinery.com\/es\/wp-json\/wp\/v2\/product_brand?post=2366"},{"taxonomy":"product_cat","embeddable":true,"href":"https:\/\/www.yuyu-machinery.com\/es\/wp-json\/wp\/v2\/product_cat?post=2366"},{"taxonomy":"product_tag","embeddable":true,"href":"https:\/\/www.yuyu-machinery.com\/es\/wp-json\/wp\/v2\/product_tag?post=2366"}],"curies":[{"name":"wp","href":"https:\/\/api.w.org\/{rel}","templated":true}]}}