{"id":2317,"date":"2025-08-18T10:15:19","date_gmt":"2025-08-18T02:15:19","guid":{"rendered":"https:\/\/www.yuyu-machinery.com\/product\/anillo-de-goma-para-tuberias-a-presion-tuberias-de-pvc-o\/"},"modified":"2026-04-23T14:40:40","modified_gmt":"2026-04-23T06:40:40","slug":"anillo-de-goma-para-tuberias-a-presion-tuberias-de-pvc-o","status":"publish","type":"product","link":"https:\/\/www.yuyu-machinery.com\/es\/anillo-de-goma-para-tuberias-a-presion-tuberias-de-pvc-o\/","title":{"rendered":"Anillo de goma para tuber\u00edas a presi\u00f3n (tuber\u00edas de PVC-O)"},"content":{"rendered":"<h2>Rendimiento de las juntas<\/h2>\n<ul>\n<li>La presi\u00f3n nominal del anillo de sellado es de 2,0 MPa<\/li>\n<li>Se puede utilizar para agua potable fr\u00eda<\/li>\n<li>Resistencia al ozono<\/li>\n<li>Resistente al aceite y a los productos qu\u00edmicos en general<\/li>\n<li>Baja fuerza de inserci\u00f3n y alta presi\u00f3n<\/li>\n<\/ul>\n<h2>Funciones del producto<\/h2>\n<ul>\n<li>El anillo de sellado es una combinaci\u00f3n de caucho y pl\u00e1stico, lo que elimina muchos de los inconvenientes de un anillo de sellado de un solo material y mantiene la junta firmemente en su sitio durante el transporte y el montaje de la tuber\u00eda.<\/li>\n<li>El anillo de sellado evita que se produzcan deformaciones (vuelcos) durante la instalaci\u00f3n de la tuber\u00eda sobre el terreno.<\/li>\n<li>El anillo de sellado evita que entre tierra u otras part\u00edculas extra\u00f1as entre el anillo de sellado y la pared interior de la tuber\u00eda.<\/li>\n<li>El anillo de sellado elimina eficazmente el riesgo de extrusi\u00f3n.<\/li>\n<li>El anillo de sellado permite evitar posibles errores en la instalaci\u00f3n manual del mismo in situ.<\/li>\n<\/ul>\n<h2>Solicitud general<\/h2>\n<ul>\n<li>Sellado de tuber\u00edas de presi\u00f3n de pl\u00e1stico PVC-O y sus accesorios correspondientes;<\/li>\n<li>Sellado de tuber\u00edas y accesorios de pl\u00e1stico a presi\u00f3n de uso com\u00fan;<\/li>\n<li>Sellado de tuber\u00edas y accesorios de acero a presi\u00f3n; rango de di\u00e1metros de tuber\u00eda: \u03a6110-800 mm.<\/li>\n<\/ul>\n<h2>Control de calidad<\/h2>\n<ul>\n<li>ISO 9001:2015<\/li>\n<li>SGS<\/li>\n<li>GB17219-1998<\/li>\n<li>6B21873-2008<\/li>\n<li>EN681.1-19967.ASTM F477<\/li>\n<li>Q\/321181 ZWXS 001-2021<\/li>\n<li>ASTMF477<\/li>\n<\/ul>\n","protected":false},"excerpt":{"rendered":"<p>Material:<\/p>\n<ul>\n<li>EPD<\/li>\n<li>MPP<\/li>\n<li>Dureza 60+5 IRHD<\/li>\n<li>Aprobado por: F477-10GB\/21873-2008, EN 681.1-1996<\/li>\n<\/ul>\n","protected":false},"featured_media":2315,"template":"","meta":{"site-sidebar-layout":"default","site-content-layout":"","ast-site-content-layout":"default","site-content-style":"default","site-sidebar-style":"default","ast-global-header-display":"","ast-banner-title-visibility":"","ast-main-header-display":"","ast-hfb-above-header-display":"","ast-hfb-below-header-display":"","ast-hfb-mobile-header-display":"","site-post-title":"","ast-breadcrumbs-content":"","ast-featured-img":"","footer-sml-layout":"","theme-transparent-header-meta":"default","adv-header-id-meta":"","stick-header-meta":"","header-above-stick-meta":"","header-main-stick-meta":"","header-below-stick-meta":"","astra-migrate-meta-layouts":"set","ast-page-background-enabled":"default","ast-page-background-meta":{"desktop":{"background-color":"var(--ast-global-color-5)","background-image":"","background-repeat":"repeat","background-position":"center center","background-size":"auto","background-attachment":"scroll","background-type":"","background-media":"","overlay-type":"","overlay-color":"","overlay-opacity":"","overlay-gradient":""},"tablet":{"background-color":"","background-image":"","background-repeat":"repeat","background-position":"center center","background-size":"auto","background-attachment":"scroll","background-type":"","background-media":"","overlay-type":"","overlay-color":"","overlay-opacity":"","overlay-gradient":""},"mobile":{"background-color":"","background-image":"","background-repeat":"repeat","background-position":"center center","background-size":"auto","background-attachment":"scroll","background-type":"","background-media":"","overlay-type":"","overlay-color":"","overlay-opacity":"","overlay-gradient":""}},"ast-content-background-meta":{"desktop":{"background-color":"var(--ast-global-color-4)","background-image":"","background-repeat":"repeat","background-position":"center center","background-size":"auto","background-attachment":"scroll","background-type":"","background-media":"","overlay-type":"","overlay-color":"","overlay-opacity":"","overlay-gradient":""},"tablet":{"background-color":"var(--ast-global-color-4)","background-image":"","background-repeat":"repeat","background-position":"center center","background-size":"auto","background-attachment":"scroll","background-type":"","background-media":"","overlay-type":"","overlay-color":"","overlay-opacity":"","overlay-gradient":""},"mobile":{"background-color":"var(--ast-global-color-4)","background-image":"","background-repeat":"repeat","background-position":"center center","background-size":"auto","background-attachment":"scroll","background-type":"","background-media":"","overlay-type":"","overlay-color":"","overlay-opacity":"","overlay-gradient":""}}},"product_brand":[],"product_cat":[64],"product_tag":[],"class_list":{"0":"post-2317","1":"product","2":"type-product","3":"status-publish","4":"has-post-thumbnail","6":"product_cat-anillo-de-goma","7":"desktop-align-left","8":"tablet-align-left","9":"mobile-align-left","11":"first","12":"instock","13":"shipping-taxable","14":"product-type-simple"},"_links":{"self":[{"href":"https:\/\/www.yuyu-machinery.com\/es\/wp-json\/wp\/v2\/product\/2317","targetHints":{"allow":["GET"]}}],"collection":[{"href":"https:\/\/www.yuyu-machinery.com\/es\/wp-json\/wp\/v2\/product"}],"about":[{"href":"https:\/\/www.yuyu-machinery.com\/es\/wp-json\/wp\/v2\/types\/product"}],"wp:featuredmedia":[{"embeddable":true,"href":"https:\/\/www.yuyu-machinery.com\/es\/wp-json\/wp\/v2\/media\/2315"}],"wp:attachment":[{"href":"https:\/\/www.yuyu-machinery.com\/es\/wp-json\/wp\/v2\/media?parent=2317"}],"wp:term":[{"taxonomy":"product_brand","embeddable":true,"href":"https:\/\/www.yuyu-machinery.com\/es\/wp-json\/wp\/v2\/product_brand?post=2317"},{"taxonomy":"product_cat","embeddable":true,"href":"https:\/\/www.yuyu-machinery.com\/es\/wp-json\/wp\/v2\/product_cat?post=2317"},{"taxonomy":"product_tag","embeddable":true,"href":"https:\/\/www.yuyu-machinery.com\/es\/wp-json\/wp\/v2\/product_tag?post=2317"}],"curies":[{"name":"wp","href":"https:\/\/api.w.org\/{rel}","templated":true}]}}