{"id":2306,"date":"2025-08-18T11:25:09","date_gmt":"2025-08-18T03:25:09","guid":{"rendered":"https:\/\/www.yuyu-machinery.com\/product\/tubo-de-alcantarillado-con-anillo-rieber-automatico-2\/"},"modified":"2026-04-23T14:26:38","modified_gmt":"2026-04-23T06:26:38","slug":"tubo-de-alcantarillado-con-anillo-rieber-automatico","status":"publish","type":"product","link":"https:\/\/www.yuyu-machinery.com\/es\/tubo-de-alcantarillado-con-anillo-rieber-automatico\/","title":{"rendered":"Tubo de alcantarillado con anillo Rieber autom\u00e1tico"},"content":{"rendered":"<h2>Rendimiento de las juntas<\/h2>\n<ul>\n<li>Presi\u00f3n nominal del anillo de sellado: 1,0 MPa<\/li>\n<li>El c\u00f3digo 5885 se puede utilizar para agua potable, desag\u00fces y sellado de alcantarillado; el c\u00f3digo 5886 se puede utilizar para agua potable fr\u00eda y caliente.<\/li>\n<li>Resistencia al ozono y a la temperatura: de -40 \u00b0C a +150 \u00b0C (hasta +280 \u00b0C durante 4 horas)<\/li>\n<li>Requiere poca fuerza de inserci\u00f3n y puede soportar presiones medias y bajas.<\/li>\n<li>Resistencia a los aceites y a los productos qu\u00edmicos.<\/li>\n<\/ul>\n<h2>Funciones del producto<\/h2>\n<ul>\n<li>Tuber\u00edas de pl\u00e1stico de media y baja presi\u00f3n (c\u00f3digo 5885)\/Tuber\u00edas de pl\u00e1stico de baja presi\u00f3n (c\u00f3digo 5886), acoplamiento autom\u00e1tico por anillo al abocardar la tuber\u00eda.<\/li>\n<li>El anillo de sellado se ha colocado en el tubo con manguito tipo Rieber durante el proceso de fabricaci\u00f3n y moldeado del tubo de pl\u00e1stico, por lo que no hay ning\u00fan error de acoplamiento entre el anillo de sellado y el tubo con manguito tipo Rieber.<\/li>\n<li>La estructura reforzada con alambre de acero del anillo de sellado le confiere una elevada rigidez radial y garantiza una gran estabilidad y fiabilidad.<\/li>\n<li>Puede eliminar eficazmente el riesgo de que se salga el anillo de sellado.<\/li>\n<li>La estructura integrada del anillo de sellado evita que la tierra u otras part\u00edculas extra\u00f1as penetren entre el anillo de sellado y la pared interior de la tuber\u00eda.<\/li>\n<li>El anillo de sellado no plantea problemas de instalaci\u00f3n in situ, lo que evita los posibles errores que suelen producirse en muchas instalaciones manuales del anillo de sellado realizadas in situ.<\/li>\n<\/ul>\n<h2>Solicitud general<\/h2>\n<ul>\n<li>C\u00f3digo 5885: Tubo de pl\u00e1stico para media y baja presi\u00f3n (con racor autom\u00e1tico), di\u00e1metro del tubo: rango \u03a6110-400 mm.<\/li>\n<li>C\u00f3digo 5886: Tubo de pl\u00e1stico para media y baja presi\u00f3n (con racor autom\u00e1tico), di\u00e1metro del tubo: rango de \u03a6500-800 mm.<\/li>\n<\/ul>\n<h2>Control de calidad<\/h2>\n<ul>\n<li>1509001-2015<\/li>\n<li>SGS<\/li>\n<li>GB17219-1998<\/li>\n<li>GB21873-2008<\/li>\n<li>EN681.1-1996<\/li>\n<li>Q\/321181 ZWXS 001-2021<\/li>\n<li>ASTM F477<\/li>\n<\/ul>\n","protected":false},"excerpt":{"rendered":"<p>Material<\/p>\n<ul>\n<li>EPDM<\/li>\n<li>Alambre de acero con alto contenido en carbono y alta elasticidad.<\/li>\n<li>Dureza 60+5 IRHD<\/li>\n<li>Aprobado por: GB21873-2008EN681.1-1996<\/li>\n<\/ul>\n","protected":false},"featured_media":2303,"template":"","meta":{"site-sidebar-layout":"default","site-content-layout":"","ast-site-content-layout":"default","site-content-style":"default","site-sidebar-style":"default","ast-global-header-display":"","ast-banner-title-visibility":"","ast-main-header-display":"","ast-hfb-above-header-display":"","ast-hfb-below-header-display":"","ast-hfb-mobile-header-display":"","site-post-title":"","ast-breadcrumbs-content":"","ast-featured-img":"","footer-sml-layout":"","theme-transparent-header-meta":"default","adv-header-id-meta":"","stick-header-meta":"","header-above-stick-meta":"","header-main-stick-meta":"","header-below-stick-meta":"","astra-migrate-meta-layouts":"set","ast-page-background-enabled":"default","ast-page-background-meta":{"desktop":{"background-color":"var(--ast-global-color-5)","background-image":"","background-repeat":"repeat","background-position":"center center","background-size":"auto","background-attachment":"scroll","background-type":"","background-media":"","overlay-type":"","overlay-color":"","overlay-opacity":"","overlay-gradient":""},"tablet":{"background-color":"","background-image":"","background-repeat":"repeat","background-position":"center center","background-size":"auto","background-attachment":"scroll","background-type":"","background-media":"","overlay-type":"","overlay-color":"","overlay-opacity":"","overlay-gradient":""},"mobile":{"background-color":"","background-image":"","background-repeat":"repeat","background-position":"center center","background-size":"auto","background-attachment":"scroll","background-type":"","background-media":"","overlay-type":"","overlay-color":"","overlay-opacity":"","overlay-gradient":""}},"ast-content-background-meta":{"desktop":{"background-color":"var(--ast-global-color-4)","background-image":"","background-repeat":"repeat","background-position":"center center","background-size":"auto","background-attachment":"scroll","background-type":"","background-media":"","overlay-type":"","overlay-color":"","overlay-opacity":"","overlay-gradient":""},"tablet":{"background-color":"var(--ast-global-color-4)","background-image":"","background-repeat":"repeat","background-position":"center center","background-size":"auto","background-attachment":"scroll","background-type":"","background-media":"","overlay-type":"","overlay-color":"","overlay-opacity":"","overlay-gradient":""},"mobile":{"background-color":"var(--ast-global-color-4)","background-image":"","background-repeat":"repeat","background-position":"center center","background-size":"auto","background-attachment":"scroll","background-type":"","background-media":"","overlay-type":"","overlay-color":"","overlay-opacity":"","overlay-gradient":""}}},"product_brand":[],"product_cat":[64],"product_tag":[],"class_list":{"0":"post-2306","1":"product","2":"type-product","3":"status-publish","4":"has-post-thumbnail","6":"product_cat-anillo-de-goma","7":"desktop-align-left","8":"tablet-align-left","9":"mobile-align-left","11":"first","12":"instock","13":"shipping-taxable","14":"product-type-simple"},"_links":{"self":[{"href":"https:\/\/www.yuyu-machinery.com\/es\/wp-json\/wp\/v2\/product\/2306","targetHints":{"allow":["GET"]}}],"collection":[{"href":"https:\/\/www.yuyu-machinery.com\/es\/wp-json\/wp\/v2\/product"}],"about":[{"href":"https:\/\/www.yuyu-machinery.com\/es\/wp-json\/wp\/v2\/types\/product"}],"wp:featuredmedia":[{"embeddable":true,"href":"https:\/\/www.yuyu-machinery.com\/es\/wp-json\/wp\/v2\/media\/2303"}],"wp:attachment":[{"href":"https:\/\/www.yuyu-machinery.com\/es\/wp-json\/wp\/v2\/media?parent=2306"}],"wp:term":[{"taxonomy":"product_brand","embeddable":true,"href":"https:\/\/www.yuyu-machinery.com\/es\/wp-json\/wp\/v2\/product_brand?post=2306"},{"taxonomy":"product_cat","embeddable":true,"href":"https:\/\/www.yuyu-machinery.com\/es\/wp-json\/wp\/v2\/product_cat?post=2306"},{"taxonomy":"product_tag","embeddable":true,"href":"https:\/\/www.yuyu-machinery.com\/es\/wp-json\/wp\/v2\/product_tag?post=2306"}],"curies":[{"name":"wp","href":"https:\/\/api.w.org\/{rel}","templated":true}]}}