{"id":2299,"date":"2025-08-18T11:47:07","date_gmt":"2025-08-18T03:47:07","guid":{"rendered":"https:\/\/www.yuyu-machinery.com\/product\/junta-de-sellado-de-brida-de-caucho-con-orificios\/"},"modified":"2026-04-23T14:15:06","modified_gmt":"2026-04-23T06:15:06","slug":"junta-de-sellado-de-brida-de-caucho-con-orificios","status":"publish","type":"product","link":"https:\/\/www.yuyu-machinery.com\/es\/junta-de-sellado-de-brida-de-caucho-con-orificios\/","title":{"rendered":"Junta de sellado de brida de caucho (con orificios)"},"content":{"rendered":"<h2>Rendimiento de las juntas<\/h2>\n<ul>\n<li>La presi\u00f3n nominal del anillo de sellado es de 2,0 MPa<\/li>\n<li>Se puede utilizar en sectores como el de las bebidas fr\u00edas, la industria qu\u00edmica, etc.<\/li>\n<li>Resistente al ozono y al envejecimiento.<\/li>\n<\/ul>\n<h2>Funciones del producto<\/h2>\n<p>Funci\u00f3n de sellado de conexiones: Permite conectar tuber\u00edas, v\u00e1lvulas, equipos, etc., y fijarlos con pernos para crear un sellado en la zona de uni\u00f3n de la brida de goma, lo que evita las fugas de fluido y garantiza la estanqueidad y la integridad del sistema de tuber\u00edas.<\/p>\n<p>Funci\u00f3n de amortiguaci\u00f3n y reducci\u00f3n del ruido: El caucho posee una buena elasticidad, lo que permite absorber eficazmente las vibraciones y el ruido generados por el flujo de fluidos en las tuber\u00edas, reducir los da\u00f1os que las vibraciones causan en los equipos y las tuber\u00edas, y mitigar el impacto del ruido en el entorno.<\/p>\n<p>Funci\u00f3n de compensaci\u00f3n de desplazamientos: Permite adaptarse a los desplazamientos axiales, radiales y angulares de las tuber\u00edas provocados por cambios de temperatura, errores de instalaci\u00f3n y otros factores; evita la concentraci\u00f3n de tensiones causada por el desplazamiento de las tuber\u00edas y garantiza el funcionamiento seguro de los sistemas de tuber\u00edas.<\/p>\n<p>Resistencia a la corrosi\u00f3n: Los materiales de caucho presentan cierta resistencia a la corrosi\u00f3n y pueden soportar la erosi\u00f3n de determinados medios qu\u00edmicos, lo que prolonga la vida \u00fatil de los sistemas de tuber\u00edas en entornos hostiles.<\/p>\n<p>Funci\u00f3n de protecci\u00f3n de amortiguaci\u00f3n: En los sistemas de tuber\u00edas, proporciona protecci\u00f3n de amortiguaci\u00f3n a los equipos y tuber\u00edas conectados, reduciendo los da\u00f1os directos que estos pueden sufrir a causa del impacto de los fluidos, las fluctuaciones de presi\u00f3n, etc.<\/p>\n<h2>Solicitud<\/h2>\n<p>Sellado de tuber\u00edas de baja presi\u00f3n y uniones de tuber\u00edas met\u00e1licas en pl\u00e1stico, con un di\u00e1metro nominal de DN 15-400 mm.<\/p>\n<h2>Control de calidad<\/h2>\n<ul>\n<li>ISO 9001:2015<\/li>\n<li>SGS<\/li>\n<li>GB17219-1998<\/li>\n<li>GB21873-2008<\/li>\n<li>EN681.1-1996<\/li>\n<li>ASTM F477<\/li>\n<\/ul>\n","protected":false},"excerpt":{"rendered":"<p>Material<\/p>\n<ul>\n<li>EPDM<\/li>\n<li>Dureza 60+5 IRHD<\/li>\n<li>Homologado seg\u00fan: GB21873-2008, EN681.1-1996<\/li>\n<\/ul>\n","protected":false},"featured_media":2297,"template":"","meta":{"site-sidebar-layout":"default","site-content-layout":"","ast-site-content-layout":"default","site-content-style":"default","site-sidebar-style":"default","ast-global-header-display":"","ast-banner-title-visibility":"","ast-main-header-display":"","ast-hfb-above-header-display":"","ast-hfb-below-header-display":"","ast-hfb-mobile-header-display":"","site-post-title":"","ast-breadcrumbs-content":"","ast-featured-img":"","footer-sml-layout":"","theme-transparent-header-meta":"default","adv-header-id-meta":"","stick-header-meta":"","header-above-stick-meta":"","header-main-stick-meta":"","header-below-stick-meta":"","astra-migrate-meta-layouts":"set","ast-page-background-enabled":"default","ast-page-background-meta":{"desktop":{"background-color":"var(--ast-global-color-5)","background-image":"","background-repeat":"repeat","background-position":"center center","background-size":"auto","background-attachment":"scroll","background-type":"","background-media":"","overlay-type":"","overlay-color":"","overlay-opacity":"","overlay-gradient":""},"tablet":{"background-color":"","background-image":"","background-repeat":"repeat","background-position":"center center","background-size":"auto","background-attachment":"scroll","background-type":"","background-media":"","overlay-type":"","overlay-color":"","overlay-opacity":"","overlay-gradient":""},"mobile":{"background-color":"","background-image":"","background-repeat":"repeat","background-position":"center center","background-size":"auto","background-attachment":"scroll","background-type":"","background-media":"","overlay-type":"","overlay-color":"","overlay-opacity":"","overlay-gradient":""}},"ast-content-background-meta":{"desktop":{"background-color":"var(--ast-global-color-4)","background-image":"","background-repeat":"repeat","background-position":"center center","background-size":"auto","background-attachment":"scroll","background-type":"","background-media":"","overlay-type":"","overlay-color":"","overlay-opacity":"","overlay-gradient":""},"tablet":{"background-color":"var(--ast-global-color-4)","background-image":"","background-repeat":"repeat","background-position":"center center","background-size":"auto","background-attachment":"scroll","background-type":"","background-media":"","overlay-type":"","overlay-color":"","overlay-opacity":"","overlay-gradient":""},"mobile":{"background-color":"var(--ast-global-color-4)","background-image":"","background-repeat":"repeat","background-position":"center center","background-size":"auto","background-attachment":"scroll","background-type":"","background-media":"","overlay-type":"","overlay-color":"","overlay-opacity":"","overlay-gradient":""}}},"product_brand":[],"product_cat":[64],"product_tag":[],"class_list":{"0":"post-2299","1":"product","2":"type-product","3":"status-publish","4":"has-post-thumbnail","6":"product_cat-anillo-de-goma","7":"desktop-align-left","8":"tablet-align-left","9":"mobile-align-left","11":"first","12":"instock","13":"shipping-taxable","14":"product-type-simple"},"_links":{"self":[{"href":"https:\/\/www.yuyu-machinery.com\/es\/wp-json\/wp\/v2\/product\/2299","targetHints":{"allow":["GET"]}}],"collection":[{"href":"https:\/\/www.yuyu-machinery.com\/es\/wp-json\/wp\/v2\/product"}],"about":[{"href":"https:\/\/www.yuyu-machinery.com\/es\/wp-json\/wp\/v2\/types\/product"}],"wp:featuredmedia":[{"embeddable":true,"href":"https:\/\/www.yuyu-machinery.com\/es\/wp-json\/wp\/v2\/media\/2297"}],"wp:attachment":[{"href":"https:\/\/www.yuyu-machinery.com\/es\/wp-json\/wp\/v2\/media?parent=2299"}],"wp:term":[{"taxonomy":"product_brand","embeddable":true,"href":"https:\/\/www.yuyu-machinery.com\/es\/wp-json\/wp\/v2\/product_brand?post=2299"},{"taxonomy":"product_cat","embeddable":true,"href":"https:\/\/www.yuyu-machinery.com\/es\/wp-json\/wp\/v2\/product_cat?post=2299"},{"taxonomy":"product_tag","embeddable":true,"href":"https:\/\/www.yuyu-machinery.com\/es\/wp-json\/wp\/v2\/product_tag?post=2299"}],"curies":[{"name":"wp","href":"https:\/\/api.w.org\/{rel}","templated":true}]}}