{"id":2296,"date":"2025-08-18T13:45:05","date_gmt":"2025-08-18T05:45:05","guid":{"rendered":"https:\/\/www.yuyu-machinery.com\/product\/anillo-de-goma-para-alcantarillado\/"},"modified":"2026-04-23T14:10:29","modified_gmt":"2026-04-23T06:10:29","slug":"anillo-de-goma-para-alcantarillado","status":"publish","type":"product","link":"https:\/\/www.yuyu-machinery.com\/es\/anillo-de-goma-para-alcantarillado\/","title":{"rendered":"Anillo de goma para alcantarillado"},"content":{"rendered":"<h2>Rendimiento del producto<\/h2>\n<ul>\n<li>Sellado de tuber\u00edas de desag\u00fce de baja presi\u00f3n<\/li>\n<li>Sellado de los conductos de escape<\/li>\n<li>Resistente a los rayos ultravioleta y a la mayor\u00eda de las sustancias qu\u00edmicas<\/li>\n<li>Instalaci\u00f3n manual in situ, c\u00f3moda y r\u00e1pida<\/li>\n<li>Baja fuerza de inserci\u00f3n y capacidad para soportar baja presi\u00f3n<\/li>\n<\/ul>\n<h2>Funciones del producto<\/h2>\n<ul>\n<li>Sellado de tuber\u00edas de drenaje de pl\u00e1stico de baja presi\u00f3n y sus accesorios correspondientes<\/li>\n<li>Sellado de conductos de escape y accesorios correspondientes<\/li>\n<li>Sellado de aberturas rectangulares en otras tuber\u00edas<\/li>\n<\/ul>\n<h2>Aplicaciones del producto<\/h2>\n<p>Tubos de drenaje de pl\u00e1stico de baja presi\u00f3n, tubos de escape y accesorios de sellado correspondientes; di\u00e1metro de los tubos: \u03c632-\u03c6500 mm<\/p>\n<h2>Control de calidad<\/h2>\n<ul>\n<li>15090001-2015<\/li>\n<li>SGS<\/li>\n<li>GB\/T21873-2008<\/li>\n<li>EN681.1-2006<\/li>\n<\/ul>\n","protected":false},"excerpt":{"rendered":"<p>Material:<\/p>\n<ul>\n<li>Caucho natural<\/li>\n<li>Caucho de butadieno sint\u00e9tico<\/li>\n<li>Dureza del anillo de goma: 55 \u00b1 5 IRHD<\/li>\n<li>Conforme a: GB21873-2008; EN681.1-2006<\/li>\n<\/ul>\n","protected":false},"featured_media":2292,"template":"","meta":{"site-sidebar-layout":"default","site-content-layout":"","ast-site-content-layout":"default","site-content-style":"default","site-sidebar-style":"default","ast-global-header-display":"","ast-banner-title-visibility":"","ast-main-header-display":"","ast-hfb-above-header-display":"","ast-hfb-below-header-display":"","ast-hfb-mobile-header-display":"","site-post-title":"","ast-breadcrumbs-content":"","ast-featured-img":"","footer-sml-layout":"","theme-transparent-header-meta":"default","adv-header-id-meta":"","stick-header-meta":"","header-above-stick-meta":"","header-main-stick-meta":"","header-below-stick-meta":"","astra-migrate-meta-layouts":"set","ast-page-background-enabled":"default","ast-page-background-meta":{"desktop":{"background-color":"var(--ast-global-color-5)","background-image":"","background-repeat":"repeat","background-position":"center center","background-size":"auto","background-attachment":"scroll","background-type":"","background-media":"","overlay-type":"","overlay-color":"","overlay-opacity":"","overlay-gradient":""},"tablet":{"background-color":"","background-image":"","background-repeat":"repeat","background-position":"center center","background-size":"auto","background-attachment":"scroll","background-type":"","background-media":"","overlay-type":"","overlay-color":"","overlay-opacity":"","overlay-gradient":""},"mobile":{"background-color":"","background-image":"","background-repeat":"repeat","background-position":"center center","background-size":"auto","background-attachment":"scroll","background-type":"","background-media":"","overlay-type":"","overlay-color":"","overlay-opacity":"","overlay-gradient":""}},"ast-content-background-meta":{"desktop":{"background-color":"var(--ast-global-color-4)","background-image":"","background-repeat":"repeat","background-position":"center center","background-size":"auto","background-attachment":"scroll","background-type":"","background-media":"","overlay-type":"","overlay-color":"","overlay-opacity":"","overlay-gradient":""},"tablet":{"background-color":"var(--ast-global-color-4)","background-image":"","background-repeat":"repeat","background-position":"center center","background-size":"auto","background-attachment":"scroll","background-type":"","background-media":"","overlay-type":"","overlay-color":"","overlay-opacity":"","overlay-gradient":""},"mobile":{"background-color":"var(--ast-global-color-4)","background-image":"","background-repeat":"repeat","background-position":"center center","background-size":"auto","background-attachment":"scroll","background-type":"","background-media":"","overlay-type":"","overlay-color":"","overlay-opacity":"","overlay-gradient":""}}},"product_brand":[],"product_cat":[64],"product_tag":[],"class_list":{"0":"post-2296","1":"product","2":"type-product","3":"status-publish","4":"has-post-thumbnail","6":"product_cat-anillo-de-goma","7":"desktop-align-left","8":"tablet-align-left","9":"mobile-align-left","11":"first","12":"instock","13":"shipping-taxable","14":"product-type-simple"},"_links":{"self":[{"href":"https:\/\/www.yuyu-machinery.com\/es\/wp-json\/wp\/v2\/product\/2296","targetHints":{"allow":["GET"]}}],"collection":[{"href":"https:\/\/www.yuyu-machinery.com\/es\/wp-json\/wp\/v2\/product"}],"about":[{"href":"https:\/\/www.yuyu-machinery.com\/es\/wp-json\/wp\/v2\/types\/product"}],"wp:featuredmedia":[{"embeddable":true,"href":"https:\/\/www.yuyu-machinery.com\/es\/wp-json\/wp\/v2\/media\/2292"}],"wp:attachment":[{"href":"https:\/\/www.yuyu-machinery.com\/es\/wp-json\/wp\/v2\/media?parent=2296"}],"wp:term":[{"taxonomy":"product_brand","embeddable":true,"href":"https:\/\/www.yuyu-machinery.com\/es\/wp-json\/wp\/v2\/product_brand?post=2296"},{"taxonomy":"product_cat","embeddable":true,"href":"https:\/\/www.yuyu-machinery.com\/es\/wp-json\/wp\/v2\/product_cat?post=2296"},{"taxonomy":"product_tag","embeddable":true,"href":"https:\/\/www.yuyu-machinery.com\/es\/wp-json\/wp\/v2\/product_tag?post=2296"}],"curies":[{"name":"wp","href":"https:\/\/api.w.org\/{rel}","templated":true}]}}