{"id":2279,"date":"2025-08-15T11:03:54","date_gmt":"2025-08-15T03:03:54","guid":{"rendered":"https:\/\/www.yuyu-machinery.com\/product\/maquina-automatica-de-corte-de-roscas-ds60-ta\/"},"modified":"2026-04-23T13:54:56","modified_gmt":"2026-04-23T05:54:56","slug":"maquina-automatica-de-corte-de-roscas-ds60-ta","status":"publish","type":"product","link":"https:\/\/www.yuyu-machinery.com\/es\/maquina-automatica-de-corte-de-roscas-ds60-ta\/","title":{"rendered":"M\u00e1quina autom\u00e1tica de corte de roscas DS60-TA"},"content":{"rendered":"<h2>Especificaciones t\u00e9cnicas principales<\/h2>\n<table>\n<tbody>\n<tr>\n<td>Modelo<\/td>\n<td>DS60-TA<\/td>\n<\/tr>\n<tr>\n<td>Di\u00e1metro<\/td>\n<td>\u03c61\/2\u201d-\u03c62\u201d<\/td>\n<\/tr>\n<tr>\n<td>Longitud del tubo<\/td>\n<td>3 m-4 m<\/td>\n<\/tr>\n<tr>\n<td>Presi\u00f3n del aire comprimido<\/td>\n<td>0,6 MPa<\/td>\n<\/tr>\n<tr>\n<td>Potencia total (kW)<\/td>\n<td>6<\/td>\n<\/tr>\n<tr>\n<td>Peso total (kg)<\/td>\n<td>3100<\/td>\n<\/tr>\n<tr>\n<td>Dimensiones totales (L \u00d7 An \u00d7 Al, mm)<\/td>\n<td>6850 \u00d7 2150 \u00d7 1850<\/td>\n<\/tr>\n<tr>\n<td>Velocidad de producci\u00f3n<\/td>\n<td>30-55 segundos<\/td>\n<\/tr>\n<tr>\n<td>Tipo de rosca<\/td>\n<td>Rosca en V<\/td>\n<\/tr>\n<tr>\n<td>Material de la hoja<\/td>\n<td>W18Cr4V<\/td>\n<\/tr>\n<\/tbody>\n<\/table>\n","protected":false},"excerpt":{"rendered":"<article class=\"text-token-text-primary w-full focus:outline-none scroll-mt-[calc(var(--header-height)+min(200px,max(70px,20svh)))]\" dir=\"auto\" tabindex=\"-1\" data-turn-id=\"df165747-f774-4cb9-9221-65d8c357b1ea\" data-testid=\"conversation-turn-4\" data-scroll-anchor=\"true\" data-turn=\"assistant\">\n<div class=\"text-base my-auto mx-auto pb-10 [--thread-content-margin:--spacing(4)] @[37rem]:[--thread-content-margin:--spacing(6)] @[72rem]:[--thread-content-margin:--spacing(16)] px-(--thread-content-margin)\">\n<div class=\"[--thread-content-max-width:32rem] @[34rem]:[--thread-content-max-width:40rem] @[64rem]:[--thread-content-max-width:48rem] mx-auto max-w-(--thread-content-max-width) flex-1 group\/turn-messages focus-visible:outline-hidden relative flex w-full min-w-0 flex-col agent-turn\" tabindex=\"-1\">\n<div class=\"flex max-w-full flex-col grow\">\n<div class=\"min-h-8 text-message relative flex w-full flex-col items-end gap-2 text-start break-words whitespace-normal [.text-message+&amp;]:mt-5\" dir=\"auto\" data-message-author-role=\"assistant\" data-message-id=\"9e0e4bb9-1e74-4066-af44-b4c3b8eddc7d\" data-message-model-slug=\"gpt-5\">\n<div class=\"flex w-full flex-col gap-1 empty:hidden first:pt-[3px]\">\n<div class=\"markdown prose dark:prose-invert w-full break-words light markdown-new-styling\">\n<ul>\n<li data-start=\"2\" data-end=\"76\">Admite tubos con di\u00e1metros de entre 1\/2\u201d y 2\u201d y realiza un roscado autom\u00e1tico de gran precisi\u00f3n.<\/li>\n<li data-start=\"79\" data-end=\"154\">Alcanza velocidades de producci\u00f3n de entre 30 y 55 segundos por tubo, lo que garantiza una alta eficiencia.<\/li>\n<li data-start=\"157\" data-end=\"242\">Equipado con cuchillas W18Cr4V de gran resistencia para un rendimiento duradero en el corte de roscas en V.<\/li>\n<\/ul>\n<\/div>\n<\/div>\n<\/div>\n<\/div>\n<div class=\"flex min-h-[46px] justify-start\"><\/div>\n<\/div>\n<\/div>\n<\/article>\n<div class=\"pointer-events-none h-px w-px\" aria-hidden=\"true\" data-edge=\"true\"><\/div>\n","protected":false},"featured_media":2276,"template":"","meta":{"site-sidebar-layout":"default","site-content-layout":"","ast-site-content-layout":"default","site-content-style":"default","site-sidebar-style":"default","ast-global-header-display":"","ast-banner-title-visibility":"","ast-main-header-display":"","ast-hfb-above-header-display":"","ast-hfb-below-header-display":"","ast-hfb-mobile-header-display":"","site-post-title":"","ast-breadcrumbs-content":"","ast-featured-img":"","footer-sml-layout":"","theme-transparent-header-meta":"default","adv-header-id-meta":"","stick-header-meta":"","header-above-stick-meta":"","header-main-stick-meta":"","header-below-stick-meta":"","astra-migrate-meta-layouts":"set","ast-page-background-enabled":"default","ast-page-background-meta":{"desktop":{"background-color":"var(--ast-global-color-5)","background-image":"","background-repeat":"repeat","background-position":"center center","background-size":"auto","background-attachment":"scroll","background-type":"","background-media":"","overlay-type":"","overlay-color":"","overlay-opacity":"","overlay-gradient":""},"tablet":{"background-color":"","background-image":"","background-repeat":"repeat","background-position":"center center","background-size":"auto","background-attachment":"scroll","background-type":"","background-media":"","overlay-type":"","overlay-color":"","overlay-opacity":"","overlay-gradient":""},"mobile":{"background-color":"","background-image":"","background-repeat":"repeat","background-position":"center center","background-size":"auto","background-attachment":"scroll","background-type":"","background-media":"","overlay-type":"","overlay-color":"","overlay-opacity":"","overlay-gradient":""}},"ast-content-background-meta":{"desktop":{"background-color":"var(--ast-global-color-4)","background-image":"","background-repeat":"repeat","background-position":"center center","background-size":"auto","background-attachment":"scroll","background-type":"","background-media":"","overlay-type":"","overlay-color":"","overlay-opacity":"","overlay-gradient":""},"tablet":{"background-color":"var(--ast-global-color-4)","background-image":"","background-repeat":"repeat","background-position":"center center","background-size":"auto","background-attachment":"scroll","background-type":"","background-media":"","overlay-type":"","overlay-color":"","overlay-opacity":"","overlay-gradient":""},"mobile":{"background-color":"var(--ast-global-color-4)","background-image":"","background-repeat":"repeat","background-position":"center center","background-size":"auto","background-attachment":"scroll","background-type":"","background-media":"","overlay-type":"","overlay-color":"","overlay-opacity":"","overlay-gradient":""}}},"product_brand":[],"product_cat":[63],"product_tag":[],"class_list":{"0":"post-2279","1":"product","2":"type-product","3":"status-publish","4":"has-post-thumbnail","6":"product_cat-maquina-roscadora-de-tubos","7":"desktop-align-left","8":"tablet-align-left","9":"mobile-align-left","11":"first","12":"instock","13":"shipping-taxable","14":"product-type-simple"},"_links":{"self":[{"href":"https:\/\/www.yuyu-machinery.com\/es\/wp-json\/wp\/v2\/product\/2279","targetHints":{"allow":["GET"]}}],"collection":[{"href":"https:\/\/www.yuyu-machinery.com\/es\/wp-json\/wp\/v2\/product"}],"about":[{"href":"https:\/\/www.yuyu-machinery.com\/es\/wp-json\/wp\/v2\/types\/product"}],"wp:featuredmedia":[{"embeddable":true,"href":"https:\/\/www.yuyu-machinery.com\/es\/wp-json\/wp\/v2\/media\/2276"}],"wp:attachment":[{"href":"https:\/\/www.yuyu-machinery.com\/es\/wp-json\/wp\/v2\/media?parent=2279"}],"wp:term":[{"taxonomy":"product_brand","embeddable":true,"href":"https:\/\/www.yuyu-machinery.com\/es\/wp-json\/wp\/v2\/product_brand?post=2279"},{"taxonomy":"product_cat","embeddable":true,"href":"https:\/\/www.yuyu-machinery.com\/es\/wp-json\/wp\/v2\/product_cat?post=2279"},{"taxonomy":"product_tag","embeddable":true,"href":"https:\/\/www.yuyu-machinery.com\/es\/wp-json\/wp\/v2\/product_tag?post=2279"}],"curies":[{"name":"wp","href":"https:\/\/api.w.org\/{rel}","templated":true}]}}