{"id":2272,"date":"2025-08-15T10:17:35","date_gmt":"2025-08-15T02:17:35","guid":{"rendered":"https:\/\/www.yuyu-machinery.com\/product\/maquina-abocardadora-automatica-ds250j\/"},"modified":"2026-04-23T13:31:02","modified_gmt":"2026-04-23T05:31:02","slug":"maquina-abocardadora-automatica-ds250j","status":"publish","type":"product","link":"https:\/\/www.yuyu-machinery.com\/es\/maquina-abocardadora-automatica-ds250j\/","title":{"rendered":"M\u00e1quina abocardadora autom\u00e1tica DS250J"},"content":{"rendered":"<h2>Especificaciones t\u00e9cnicas principales<\/h2>\n<table>\n<tbody>\n<tr>\n<td>Modelo<\/td>\n<td>DS250J<\/td>\n<\/tr>\n<tr>\n<td>Tipo Belling<\/td>\n<td>Tipo Blow\/Tipo U<\/td>\n<\/tr>\n<tr>\n<td>Di\u00e1metro<\/td>\n<td>\u03a6 50 &#8211; \u03a6 250 mm<\/td>\n<\/tr>\n<tr>\n<td>Longitud del tubo<\/td>\n<td>3 m-6 m<\/td>\n<\/tr>\n<tr>\n<td>Potencia total (kW)<\/td>\n<td>15<\/td>\n<\/tr>\n<tr>\n<td>Velocidad de producci\u00f3n<\/td>\n<td>50 s-600 s<\/td>\n<\/tr>\n<tr>\n<td>Modo de calentamiento<\/td>\n<td>Tubo de calentamiento de acero inoxidable para horno<\/td>\n<\/tr>\n<tr>\n<td>Modo de conformado<\/td>\n<td>Tipo de soplado de aire<\/td>\n<\/tr>\n<tr>\n<td>Modo de refrigeraci\u00f3n<\/td>\n<td>Refrigeraci\u00f3n por aire<\/td>\n<\/tr>\n<\/tbody>\n<\/table>\n","protected":false},"excerpt":{"rendered":"<ul>\n<li data-start=\"2\" data-end=\"78\">Admite abocardados de tipo soplado o tipo U para tubos de \u03a650\u2013\u03a6250 mm, con una longitud de 3\u20136 metros.<\/li>\n<li data-start=\"81\" data-end=\"174\">Utiliza un horno con tubos calefactores de acero inoxidable, moldeado por soplado de aire y un sistema de refrigeraci\u00f3n eficiente por aire.<\/li>\n<li data-start=\"177\" data-end=\"259\">Potencia total de 15 kW; velocidad de producci\u00f3n regulable entre 50 y 600 segundos por ciclo.<\/li>\n<\/ul>\n","protected":false},"featured_media":2268,"template":"","meta":{"site-sidebar-layout":"default","site-content-layout":"","ast-site-content-layout":"default","site-content-style":"default","site-sidebar-style":"default","ast-global-header-display":"","ast-banner-title-visibility":"","ast-main-header-display":"","ast-hfb-above-header-display":"","ast-hfb-below-header-display":"","ast-hfb-mobile-header-display":"","site-post-title":"","ast-breadcrumbs-content":"","ast-featured-img":"","footer-sml-layout":"","theme-transparent-header-meta":"default","adv-header-id-meta":"","stick-header-meta":"","header-above-stick-meta":"","header-main-stick-meta":"","header-below-stick-meta":"","astra-migrate-meta-layouts":"set","ast-page-background-enabled":"default","ast-page-background-meta":{"desktop":{"background-color":"var(--ast-global-color-5)","background-image":"","background-repeat":"repeat","background-position":"center center","background-size":"auto","background-attachment":"scroll","background-type":"","background-media":"","overlay-type":"","overlay-color":"","overlay-opacity":"","overlay-gradient":""},"tablet":{"background-color":"","background-image":"","background-repeat":"repeat","background-position":"center center","background-size":"auto","background-attachment":"scroll","background-type":"","background-media":"","overlay-type":"","overlay-color":"","overlay-opacity":"","overlay-gradient":""},"mobile":{"background-color":"","background-image":"","background-repeat":"repeat","background-position":"center center","background-size":"auto","background-attachment":"scroll","background-type":"","background-media":"","overlay-type":"","overlay-color":"","overlay-opacity":"","overlay-gradient":""}},"ast-content-background-meta":{"desktop":{"background-color":"var(--ast-global-color-4)","background-image":"","background-repeat":"repeat","background-position":"center center","background-size":"auto","background-attachment":"scroll","background-type":"","background-media":"","overlay-type":"","overlay-color":"","overlay-opacity":"","overlay-gradient":""},"tablet":{"background-color":"var(--ast-global-color-4)","background-image":"","background-repeat":"repeat","background-position":"center center","background-size":"auto","background-attachment":"scroll","background-type":"","background-media":"","overlay-type":"","overlay-color":"","overlay-opacity":"","overlay-gradient":""},"mobile":{"background-color":"var(--ast-global-color-4)","background-image":"","background-repeat":"repeat","background-position":"center center","background-size":"auto","background-attachment":"scroll","background-type":"","background-media":"","overlay-type":"","overlay-color":"","overlay-opacity":"","overlay-gradient":""}}},"product_brand":[],"product_cat":[61],"product_tag":[],"class_list":{"0":"post-2272","1":"product","2":"type-product","3":"status-publish","4":"has-post-thumbnail","6":"product_cat-maquina-abocardadora","7":"desktop-align-left","8":"tablet-align-left","9":"mobile-align-left","11":"first","12":"instock","13":"shipping-taxable","14":"product-type-simple"},"_links":{"self":[{"href":"https:\/\/www.yuyu-machinery.com\/es\/wp-json\/wp\/v2\/product\/2272","targetHints":{"allow":["GET"]}}],"collection":[{"href":"https:\/\/www.yuyu-machinery.com\/es\/wp-json\/wp\/v2\/product"}],"about":[{"href":"https:\/\/www.yuyu-machinery.com\/es\/wp-json\/wp\/v2\/types\/product"}],"wp:featuredmedia":[{"embeddable":true,"href":"https:\/\/www.yuyu-machinery.com\/es\/wp-json\/wp\/v2\/media\/2268"}],"wp:attachment":[{"href":"https:\/\/www.yuyu-machinery.com\/es\/wp-json\/wp\/v2\/media?parent=2272"}],"wp:term":[{"taxonomy":"product_brand","embeddable":true,"href":"https:\/\/www.yuyu-machinery.com\/es\/wp-json\/wp\/v2\/product_brand?post=2272"},{"taxonomy":"product_cat","embeddable":true,"href":"https:\/\/www.yuyu-machinery.com\/es\/wp-json\/wp\/v2\/product_cat?post=2272"},{"taxonomy":"product_tag","embeddable":true,"href":"https:\/\/www.yuyu-machinery.com\/es\/wp-json\/wp\/v2\/product_tag?post=2272"}],"curies":[{"name":"wp","href":"https:\/\/api.w.org\/{rel}","templated":true}]}}