{"id":2263,"date":"2025-08-15T09:47:42","date_gmt":"2025-08-15T01:47:42","guid":{"rendered":"https:\/\/www.yuyu-machinery.com\/product\/maquina-abocardadora-automatica-ds160pp-nii\/"},"modified":"2026-04-23T13:20:41","modified_gmt":"2026-04-23T05:20:41","slug":"maquina-abocardadora-automatica-ds160pp-nii","status":"publish","type":"product","link":"https:\/\/www.yuyu-machinery.com\/es\/maquina-abocardadora-automatica-ds160pp-nii\/","title":{"rendered":"M\u00e1quina abocardadora autom\u00e1tica DS160PP-NII"},"content":{"rendered":"<h2>Especificaciones t\u00e9cnicas principales<\/h2>\n<table>\n<tbody>\n<tr>\n<td>Modelo<\/td>\n<td>DS160PP-NII<\/td>\n<\/tr>\n<tr>\n<td>Di\u00e1metro<\/td>\n<td>\u03c640-\u03c6160 mm<\/td>\n<\/tr>\n<tr>\n<td>Longitud de la tuber\u00eda<\/td>\n<td>0.3m-3m<\/td>\n<\/tr>\n<tr>\n<td>presi\u00f3n externa<\/td>\n<td>2,5 MPa<\/td>\n<\/tr>\n<tr>\n<td>Potencia total (kW)<\/td>\n<td>29<\/td>\n<\/tr>\n<tr>\n<td>Velocidad de producci\u00f3n<\/td>\n<td>Entre 20 y 100 segundos: dos tubos por ciclo para los di\u00e1metros de 40 mm y 50 mm; un tubo por ciclo para los di\u00e1metros de 63 mm a 160 mm<\/td>\n<\/tr>\n<tr>\n<td>modo de calentamiento<\/td>\n<td>Calentamiento por contacto mediante bloque de aluminio y tubo de calentamiento de acero inoxidable, con calentamiento interno<\/td>\n<\/tr>\n<tr>\n<td>Modo de conformado<\/td>\n<td>tipo de soplado<\/td>\n<\/tr>\n<tr>\n<td>Modo de refrigeraci\u00f3n<\/td>\n<td>refrigeraci\u00f3n por agua<\/td>\n<\/tr>\n<\/tbody>\n<\/table>\n","protected":false},"excerpt":{"rendered":"<ul>\n<li data-start=\"93\" data-end=\"156\">Apto para tubos de PP\/PE con un di\u00e1metro de 40 a 160 mm y una longitud de 0,3 a 3 m.<\/li>\n<li data-start=\"159\" data-end=\"243\">Utiliza un proceso de conformado por soplado con calentamiento por contacto y refrigeraci\u00f3n por agua para lograr un moldeado preciso.<\/li>\n<li data-start=\"246\" data-end=\"322\">Produce hasta dos tubos por ciclo, lo que garantiza una producci\u00f3n r\u00e1pida y eficiente.<\/li>\n<\/ul>\n","protected":false},"featured_media":2261,"template":"","meta":{"site-sidebar-layout":"default","site-content-layout":"","ast-site-content-layout":"default","site-content-style":"default","site-sidebar-style":"default","ast-global-header-display":"","ast-banner-title-visibility":"","ast-main-header-display":"","ast-hfb-above-header-display":"","ast-hfb-below-header-display":"","ast-hfb-mobile-header-display":"","site-post-title":"","ast-breadcrumbs-content":"","ast-featured-img":"","footer-sml-layout":"","theme-transparent-header-meta":"default","adv-header-id-meta":"","stick-header-meta":"","header-above-stick-meta":"","header-main-stick-meta":"","header-below-stick-meta":"","astra-migrate-meta-layouts":"set","ast-page-background-enabled":"default","ast-page-background-meta":{"desktop":{"background-color":"var(--ast-global-color-5)","background-image":"","background-repeat":"repeat","background-position":"center center","background-size":"auto","background-attachment":"scroll","background-type":"","background-media":"","overlay-type":"","overlay-color":"","overlay-opacity":"","overlay-gradient":""},"tablet":{"background-color":"","background-image":"","background-repeat":"repeat","background-position":"center center","background-size":"auto","background-attachment":"scroll","background-type":"","background-media":"","overlay-type":"","overlay-color":"","overlay-opacity":"","overlay-gradient":""},"mobile":{"background-color":"","background-image":"","background-repeat":"repeat","background-position":"center center","background-size":"auto","background-attachment":"scroll","background-type":"","background-media":"","overlay-type":"","overlay-color":"","overlay-opacity":"","overlay-gradient":""}},"ast-content-background-meta":{"desktop":{"background-color":"var(--ast-global-color-4)","background-image":"","background-repeat":"repeat","background-position":"center center","background-size":"auto","background-attachment":"scroll","background-type":"","background-media":"","overlay-type":"","overlay-color":"","overlay-opacity":"","overlay-gradient":""},"tablet":{"background-color":"var(--ast-global-color-4)","background-image":"","background-repeat":"repeat","background-position":"center center","background-size":"auto","background-attachment":"scroll","background-type":"","background-media":"","overlay-type":"","overlay-color":"","overlay-opacity":"","overlay-gradient":""},"mobile":{"background-color":"var(--ast-global-color-4)","background-image":"","background-repeat":"repeat","background-position":"center center","background-size":"auto","background-attachment":"scroll","background-type":"","background-media":"","overlay-type":"","overlay-color":"","overlay-opacity":"","overlay-gradient":""}}},"product_brand":[],"product_cat":[61],"product_tag":[],"class_list":{"0":"post-2263","1":"product","2":"type-product","3":"status-publish","4":"has-post-thumbnail","6":"product_cat-maquina-abocardadora","7":"desktop-align-left","8":"tablet-align-left","9":"mobile-align-left","11":"first","12":"instock","13":"shipping-taxable","14":"product-type-simple"},"_links":{"self":[{"href":"https:\/\/www.yuyu-machinery.com\/es\/wp-json\/wp\/v2\/product\/2263","targetHints":{"allow":["GET"]}}],"collection":[{"href":"https:\/\/www.yuyu-machinery.com\/es\/wp-json\/wp\/v2\/product"}],"about":[{"href":"https:\/\/www.yuyu-machinery.com\/es\/wp-json\/wp\/v2\/types\/product"}],"wp:featuredmedia":[{"embeddable":true,"href":"https:\/\/www.yuyu-machinery.com\/es\/wp-json\/wp\/v2\/media\/2261"}],"wp:attachment":[{"href":"https:\/\/www.yuyu-machinery.com\/es\/wp-json\/wp\/v2\/media?parent=2263"}],"wp:term":[{"taxonomy":"product_brand","embeddable":true,"href":"https:\/\/www.yuyu-machinery.com\/es\/wp-json\/wp\/v2\/product_brand?post=2263"},{"taxonomy":"product_cat","embeddable":true,"href":"https:\/\/www.yuyu-machinery.com\/es\/wp-json\/wp\/v2\/product_cat?post=2263"},{"taxonomy":"product_tag","embeddable":true,"href":"https:\/\/www.yuyu-machinery.com\/es\/wp-json\/wp\/v2\/product_tag?post=2263"}],"curies":[{"name":"wp","href":"https:\/\/api.w.org\/{rel}","templated":true}]}}