{"id":2259,"date":"2025-08-18T14:03:46","date_gmt":"2025-08-18T06:03:46","guid":{"rendered":"https:\/\/www.yuyu-machinery.com\/product\/anillo-de-goma-para-alcantarillado-con-plastico\/"},"modified":"2026-04-23T11:59:06","modified_gmt":"2026-04-23T03:59:06","slug":"anillo-de-goma-para-alcantarillado-con-plastico","status":"publish","type":"product","link":"https:\/\/www.yuyu-machinery.com\/es\/anillo-de-goma-para-alcantarillado-con-plastico\/","title":{"rendered":"Anillo de goma para alcantarillado con pl\u00e1stico"},"content":{"rendered":"<h2>Rendimiento de las juntas<\/h2>\n<ul>\n<li>La presi\u00f3n nominal del anillo de sellado es de 0,8 MPa<\/li>\n<li>Se puede utilizar para el suministro de agua fr\u00eda y caliente.<\/li>\n<li>Resistencia al ozono y a la temperatura: 40-90 \u00b0C (hasta 100 \u00b0C durante 4 horas)<\/li>\n<li>Resistencia a los aceites y a los productos qu\u00edmicos.<\/li>\n<li>Baja fuerza de inserci\u00f3n y capacidad para soportar bajas presiones.<\/li>\n<\/ul>\n<h2>Funciones del producto<\/h2>\n<ul>\n<li>Junta rectangular para tuber\u00edas de pl\u00e1stico de baja presi\u00f3n.<\/li>\n<li>El anillo de sellado se inserta autom\u00e1ticamente en la boca rectangular del tubo de pl\u00e1stico durante el proceso de fabricaci\u00f3n y moldeado, por lo que no se producen errores de ajuste entre el anillo de sellado y la boca rectangular del tubo.<\/li>\n<li>La estructura reforzada con pl\u00e1stico del anillo de sellado le confiere una cierta rigidez radial, lo que garantiza una gran estabilidad y fiabilidad.<\/li>\n<li>Este anillo de sellado permite eliminar el problema de la extrusi\u00f3n del anillo de sellado.<\/li>\n<li>La estructura integrada del anillo de sellado evita que la tierra u otras part\u00edculas extra\u00f1as penetren entre el anillo de sellado y la pared interior de la tuber\u00eda.<\/li>\n<li>Este anillo de sellado no presenta ning\u00fan problema de instalaci\u00f3n in situ, lo que permite evitar muchos de los errores que pueden producirse al instalarlo manualmente en el lugar de la obra.<\/li>\n<\/ul>\n<h2>Aplicaciones del producto<\/h2>\n<p>Tubo de drenaje de pl\u00e1stico de baja presi\u00f3n (expansi\u00f3n rectangular) con junta de estanqueidad, con un di\u00e1metro de \u03c6 32-315 mm.<\/p>\n<h2>Control de calidad<\/h2>\n<ul>\n<li>ISO 9001:2015<\/li>\n<li>SGS<\/li>\n<li>GB21873-2008<\/li>\n<li>EN681.1-1996<\/li>\n<li>ASTM F477<\/li>\n<\/ul>\n","protected":false},"excerpt":{"rendered":"<p>Material:<\/p>\n<ul>\n<li>TPE<\/li>\n<li>Pl\u00e1stico de alta elasticidad<\/li>\n<li>Dureza 50+5 IRHD<\/li>\n<li>Homologado seg\u00fan: GB21873-2008 EN681.1-1996<\/li>\n<\/ul>\n","protected":false},"featured_media":2257,"template":"","meta":{"site-sidebar-layout":"default","site-content-layout":"","ast-site-content-layout":"default","site-content-style":"default","site-sidebar-style":"default","ast-global-header-display":"","ast-banner-title-visibility":"","ast-main-header-display":"","ast-hfb-above-header-display":"","ast-hfb-below-header-display":"","ast-hfb-mobile-header-display":"","site-post-title":"","ast-breadcrumbs-content":"","ast-featured-img":"","footer-sml-layout":"","theme-transparent-header-meta":"default","adv-header-id-meta":"","stick-header-meta":"","header-above-stick-meta":"","header-main-stick-meta":"","header-below-stick-meta":"","astra-migrate-meta-layouts":"set","ast-page-background-enabled":"default","ast-page-background-meta":{"desktop":{"background-color":"var(--ast-global-color-5)","background-image":"","background-repeat":"repeat","background-position":"center center","background-size":"auto","background-attachment":"scroll","background-type":"","background-media":"","overlay-type":"","overlay-color":"","overlay-opacity":"","overlay-gradient":""},"tablet":{"background-color":"","background-image":"","background-repeat":"repeat","background-position":"center center","background-size":"auto","background-attachment":"scroll","background-type":"","background-media":"","overlay-type":"","overlay-color":"","overlay-opacity":"","overlay-gradient":""},"mobile":{"background-color":"","background-image":"","background-repeat":"repeat","background-position":"center center","background-size":"auto","background-attachment":"scroll","background-type":"","background-media":"","overlay-type":"","overlay-color":"","overlay-opacity":"","overlay-gradient":""}},"ast-content-background-meta":{"desktop":{"background-color":"var(--ast-global-color-4)","background-image":"","background-repeat":"repeat","background-position":"center center","background-size":"auto","background-attachment":"scroll","background-type":"","background-media":"","overlay-type":"","overlay-color":"","overlay-opacity":"","overlay-gradient":""},"tablet":{"background-color":"var(--ast-global-color-4)","background-image":"","background-repeat":"repeat","background-position":"center center","background-size":"auto","background-attachment":"scroll","background-type":"","background-media":"","overlay-type":"","overlay-color":"","overlay-opacity":"","overlay-gradient":""},"mobile":{"background-color":"var(--ast-global-color-4)","background-image":"","background-repeat":"repeat","background-position":"center center","background-size":"auto","background-attachment":"scroll","background-type":"","background-media":"","overlay-type":"","overlay-color":"","overlay-opacity":"","overlay-gradient":""}}},"product_brand":[],"product_cat":[64],"product_tag":[],"class_list":{"0":"post-2259","1":"product","2":"type-product","3":"status-publish","4":"has-post-thumbnail","6":"product_cat-anillo-de-goma","7":"desktop-align-left","8":"tablet-align-left","9":"mobile-align-left","11":"first","12":"instock","13":"shipping-taxable","14":"product-type-simple"},"_links":{"self":[{"href":"https:\/\/www.yuyu-machinery.com\/es\/wp-json\/wp\/v2\/product\/2259","targetHints":{"allow":["GET"]}}],"collection":[{"href":"https:\/\/www.yuyu-machinery.com\/es\/wp-json\/wp\/v2\/product"}],"about":[{"href":"https:\/\/www.yuyu-machinery.com\/es\/wp-json\/wp\/v2\/types\/product"}],"wp:featuredmedia":[{"embeddable":true,"href":"https:\/\/www.yuyu-machinery.com\/es\/wp-json\/wp\/v2\/media\/2257"}],"wp:attachment":[{"href":"https:\/\/www.yuyu-machinery.com\/es\/wp-json\/wp\/v2\/media?parent=2259"}],"wp:term":[{"taxonomy":"product_brand","embeddable":true,"href":"https:\/\/www.yuyu-machinery.com\/es\/wp-json\/wp\/v2\/product_brand?post=2259"},{"taxonomy":"product_cat","embeddable":true,"href":"https:\/\/www.yuyu-machinery.com\/es\/wp-json\/wp\/v2\/product_cat?post=2259"},{"taxonomy":"product_tag","embeddable":true,"href":"https:\/\/www.yuyu-machinery.com\/es\/wp-json\/wp\/v2\/product_tag?post=2259"}],"curies":[{"name":"wp","href":"https:\/\/api.w.org\/{rel}","templated":true}]}}